{"id":65,"date":"2017-01-04T17:43:35","date_gmt":"2017-01-04T16:43:35","guid":{"rendered":"http:\/\/momentums.se\/?page_id=65"},"modified":"2018-01-14T15:22:39","modified_gmt":"2018-01-14T14:22:39","slug":"behandlingar","status":"publish","type":"page","link":"https:\/\/momentums.se\/?page_id=65","title":{"rendered":"Behandlingar"},"content":{"rendered":"<p>Momentum \u00e4r\u00a0specialiserad p\u00e5 diagnostisering och behandling av sm\u00e4rta och\u00a0besv\u00e4r fr\u00e5n muskler, leder och skelett, vilket inneb\u00e4r att vi kan hj\u00e4lpa dig med bland annat:<\/p>\n<ul>\n<li>Rygg- och nacksm\u00e4rtor<\/li>\n<li>Sp\u00e4nningshuvudv\u00e4rk<\/li>\n<li>Muskel- och ledv\u00e4rk<\/li>\n<li>Stressrelaterade besv\u00e4r<\/li>\n<li>L\u00e5ngvarig sm\u00e4rta<\/li>\n<li>Ischias<\/li>\n<li>Armb\u00e5gsbesv\u00e4r<\/li>\n<li>Idrottsskador<\/li>\n<\/ul>\n<p>Behandlingarna \u00e4r f\u00f6rst\u00e5s invididanpassande. De metoder som jag anv\u00e4nder f\u00f6r att uppn\u00e5 maximalt resultat \u00e4r fr\u00e4mst behandlande massage, djupv\u00e5gsbehandlingar, Acunova, Aculine och kinesiologitejpning.<\/p>\n<p><a href=\"http:\/\/www.bokadirekt.se\/places\/momentum-1770\">Boka enkelt en tid h\u00e4r \u00bb<\/a><\/p>\n","protected":false},"excerpt":{"rendered":"<p>Momentum \u00e4r\u00a0specialiserad p\u00e5 diagnostisering och behandling av sm\u00e4rta och\u00a0besv\u00e4r fr\u00e5n muskler, leder och skelett, vilket inneb\u00e4r att vi kan hj\u00e4lpa dig med bland annat: Rygg- och nacksm\u00e4rtor Sp\u00e4nningshuvudv\u00e4rk Muskel- och ledv\u00e4rk Stressrelaterade besv\u00e4r L\u00e5ngvarig sm\u00e4rta Ischias Armb\u00e5gsbesv\u00e4r Idrottsskador Behandlingarna \u00e4r f\u00f6rst\u00e5s invididanpassande. De metoder som jag anv\u00e4nder f\u00f6r att uppn\u00e5 maximalt resultat \u00e4r fr\u00e4mst behandlande [&hellip;]<\/p>\n","protected":false},"author":1,"featured_media":0,"parent":0,"menu_order":0,"comment_status":"closed","ping_status":"closed","template":"","meta":{"footnotes":""},"class_list":["post-65","page","type-page","status-publish","hentry"],"_links":{"self":[{"href":"https:\/\/momentums.se\/index.php?rest_route=\/wp\/v2\/pages\/65","targetHints":{"allow":["GET"]}}],"collection":[{"href":"https:\/\/momentums.se\/index.php?rest_route=\/wp\/v2\/pages"}],"about":[{"href":"https:\/\/momentums.se\/index.php?rest_route=\/wp\/v2\/types\/page"}],"author":[{"embeddable":true,"href":"https:\/\/momentums.se\/index.php?rest_route=\/wp\/v2\/users\/1"}],"replies":[{"embeddable":true,"href":"https:\/\/momentums.se\/index.php?rest_route=%2Fwp%2Fv2%2Fcomments&post=65"}],"version-history":[{"count":11,"href":"https:\/\/momentums.se\/index.php?rest_route=\/wp\/v2\/pages\/65\/revisions"}],"predecessor-version":[{"id":162,"href":"https:\/\/momentums.se\/index.php?rest_route=\/wp\/v2\/pages\/65\/revisions\/162"}],"wp:attachment":[{"href":"https:\/\/momentums.se\/index.php?rest_route=%2Fwp%2Fv2%2Fmedia&parent=65"}],"curies":[{"name":"wp","href":"https:\/\/api.w.org\/{rel}","templated":true}]}}