{"id":5,"date":"2013-02-27T16:37:57","date_gmt":"2013-02-27T15:37:57","guid":{"rendered":"http:\/\/momentums.se\/?page_id=5"},"modified":"2017-01-10T20:40:32","modified_gmt":"2017-01-10T19:40:32","slug":"5-2","status":"publish","type":"page","link":"https:\/\/momentums.se\/","title":{"rendered":"V\u00e4lkommen"},"content":{"rendered":"<p>\u00c4r du <strong>stel<\/strong>? Har <strong>muskler som sm\u00e4rtar<\/strong>? Lider av <strong>sp\u00e4nningshuvudv\u00e4rk<\/strong>? Har <strong>str\u00e4ckt<\/strong> dig? Har en <strong>stukning<\/strong> eller vill ha hj\u00e4lp med <strong>tr\u00e4ning<\/strong>? D\u00e5 har du kommit helt r\u00e4tt.<\/p>\n<p>Momentum hj\u00e4lper dig att m\u00e5 b\u00e4ttre med hj\u00e4lp av\u00a0djupg\u00e5ende individanpassade muskelbehandlingar, massage, akupunktur och tr\u00e4ning.<\/p>\n<p><a href=\"http:\/\/www.bokadirekt.se\/places\/momentum-1770\">Boka en tid enkelt h\u00e4r \u00bb<\/a><\/p>\n","protected":false},"excerpt":{"rendered":"<p>\u00c4r du stel? Har muskler som sm\u00e4rtar? Lider av sp\u00e4nningshuvudv\u00e4rk? Har str\u00e4ckt dig? Har en stukning eller vill ha hj\u00e4lp med tr\u00e4ning? D\u00e5 har du kommit helt r\u00e4tt. Momentum hj\u00e4lper dig att m\u00e5 b\u00e4ttre med hj\u00e4lp av\u00a0djupg\u00e5ende individanpassade muskelbehandlingar, massage, akupunktur och tr\u00e4ning. Boka en tid enkelt h\u00e4r \u00bb<\/p>\n","protected":false},"author":1,"featured_media":0,"parent":0,"menu_order":0,"comment_status":"closed","ping_status":"closed","template":"","meta":{"footnotes":""},"class_list":["post-5","page","type-page","status-publish","hentry"],"_links":{"self":[{"href":"https:\/\/momentums.se\/index.php?rest_route=\/wp\/v2\/pages\/5","targetHints":{"allow":["GET"]}}],"collection":[{"href":"https:\/\/momentums.se\/index.php?rest_route=\/wp\/v2\/pages"}],"about":[{"href":"https:\/\/momentums.se\/index.php?rest_route=\/wp\/v2\/types\/page"}],"author":[{"embeddable":true,"href":"https:\/\/momentums.se\/index.php?rest_route=\/wp\/v2\/users\/1"}],"replies":[{"embeddable":true,"href":"https:\/\/momentums.se\/index.php?rest_route=%2Fwp%2Fv2%2Fcomments&post=5"}],"version-history":[{"count":40,"href":"https:\/\/momentums.se\/index.php?rest_route=\/wp\/v2\/pages\/5\/revisions"}],"predecessor-version":[{"id":157,"href":"https:\/\/momentums.se\/index.php?rest_route=\/wp\/v2\/pages\/5\/revisions\/157"}],"wp:attachment":[{"href":"https:\/\/momentums.se\/index.php?rest_route=%2Fwp%2Fv2%2Fmedia&parent=5"}],"curies":[{"name":"wp","href":"https:\/\/api.w.org\/{rel}","templated":true}]}}